{"id":318,"date":"2020-04-06T12:01:45","date_gmt":"2020-04-06T10:01:45","guid":{"rendered":"http:\/\/metaworks.eu\/wordpress\/?page_id=318"},"modified":"2020-04-06T12:02:50","modified_gmt":"2020-04-06T10:02:50","slug":"impressum","status":"publish","type":"page","link":"https:\/\/metaworks.eu\/wordpress\/contact-me\/impressum\/","title":{"rendered":"Impressum"},"content":{"rendered":"\n<h2 class=\"wp-block-heading\" id=\"m46\">Diensteanbieter<\/h2>\n\n\n\n<p>Martin Br\u00fcggemann<br>Vally-Weigl-Gasse 1<br>1100 Wien<br>\u00d6sterreich<\/p>\n\n\n\n<h2 class=\"wp-block-heading\" id=\"m56\">Kontaktm\u00f6glichkeiten<\/h2>\n\n\n\n<p><strong>Telefon:<\/strong> 0676\/4499872<br><strong>E-Mail-Adresse<\/strong>: mail@metaworks.eu<\/p>\n\n\n\n<h2 class=\"wp-block-heading\" id=\"m154\">Journalistisch-redaktionelle Angebote<\/h2>\n\n\n\n<p><strong>Inhaltlich verantwortlich<\/strong>: Martin Br\u00fcggemann, Adresse wie oben.<\/p>\n\n\n\n<h2 class=\"wp-block-heading\" id=\"m65\">Haftungs- und Urheberrechtshinweise<\/h2>\n\n\n\n<p><strong>Links auf fremde Webseiten<\/strong>: Inhalte fremder Webseiten, auf die ich direkt oder indirekt verweise, liegen au\u00dferhalb meines Verantwortungsbereichs und ich mache mir diese nicht zu Eigen. F\u00fcr alle Inhalte und insbesondere f\u00fcr Sch\u00e4den, die aus der Nutzung der in den verlinkten Webseiten aufrufbaren Informationen entstehen, haftet allein der Anbieter der verlinkten Webseiten.<\/p>\n\n\n\n<p><strong>Urheberrechte und Markenrechte<\/strong>: Alle auf dieser Website dargestellten Inhalte, wie Texte, Fotografien, Grafiken, Marken und Warenzeichen sind durch die jeweiligen Schutzrechte (Urheberrechte, Markenrechte) gesch\u00fctzt. Die Verwendung, Vervielf\u00e4ltigung usw. unterliegen unseren Rechten oder den Rechten der jeweiligen Urheber bzw. Rechteverwalter.<\/p>\n\n\n\n<p><strong>Hinweise auf Rechtsverst\u00f6\u00dfe<\/strong>: Sollten Sie innerhalb dieses Internetauftritts Rechtsverst\u00f6\u00dfe bemerken, bitte ich Sie mich auf diese hinzuweisen. Ich werde rechtswidrige Inhalte und Links nach Kenntnisnahme unverz\u00fcglich entfernen.<\/p>\n","protected":false},"excerpt":{"rendered":"<p>Diensteanbieter Martin Br\u00fcggemannVally-Weigl-Gasse 11100 Wien\u00d6sterreich Kontaktm\u00f6glichkeiten Telefon: 0676\/4499872E-Mail-Adresse: mail@metaworks.eu Journalistisch-redaktionelle Angebote Inhaltlich verantwortlich: Martin Br\u00fcggemann, Adresse wie oben. Haftungs- und Urheberrechtshinweise Links auf fremde Webseiten: Inhalte fremder Webseiten, auf die ich direkt oder indirekt verweise, liegen au\u00dferhalb meines Verantwortungsbereichs und ich mache mir diese nicht zu Eigen. F\u00fcr alle Inhalte und insbesondere f\u00fcr Sch\u00e4den, die [&hellip;]<\/p>\n","protected":false},"author":1,"featured_media":0,"parent":143,"menu_order":0,"comment_status":"closed","ping_status":"closed","template":"","meta":{"footnotes":""},"class_list":["post-318","page","type-page","status-publish","hentry","entry"],"_links":{"self":[{"href":"https:\/\/metaworks.eu\/wordpress\/wp-json\/wp\/v2\/pages\/318","targetHints":{"allow":["GET"]}}],"collection":[{"href":"https:\/\/metaworks.eu\/wordpress\/wp-json\/wp\/v2\/pages"}],"about":[{"href":"https:\/\/metaworks.eu\/wordpress\/wp-json\/wp\/v2\/types\/page"}],"author":[{"embeddable":true,"href":"https:\/\/metaworks.eu\/wordpress\/wp-json\/wp\/v2\/users\/1"}],"replies":[{"embeddable":true,"href":"https:\/\/metaworks.eu\/wordpress\/wp-json\/wp\/v2\/comments?post=318"}],"version-history":[{"count":3,"href":"https:\/\/metaworks.eu\/wordpress\/wp-json\/wp\/v2\/pages\/318\/revisions"}],"predecessor-version":[{"id":326,"href":"https:\/\/metaworks.eu\/wordpress\/wp-json\/wp\/v2\/pages\/318\/revisions\/326"}],"up":[{"embeddable":true,"href":"https:\/\/metaworks.eu\/wordpress\/wp-json\/wp\/v2\/pages\/143"}],"wp:attachment":[{"href":"https:\/\/metaworks.eu\/wordpress\/wp-json\/wp\/v2\/media?parent=318"}],"curies":[{"name":"wp","href":"https:\/\/api.w.org\/{rel}","templated":true}]}}