{"id":120,"date":"2019-06-21T21:38:05","date_gmt":"2019-06-21T19:38:05","guid":{"rendered":"http:\/\/metaworks.eu\/wordpress\/?page_id=120"},"modified":"2020-04-25T09:19:05","modified_gmt":"2020-04-25T07:19:05","slug":"coaching","status":"publish","type":"page","link":"https:\/\/metaworks.eu\/wordpress\/coaching\/","title":{"rendered":"Random ruminations of questionable relevance"},"content":{"rendered":"\n<blockquote class=\"wp-block-quote has-text-align-center is-style-default is-layout-flow wp-block-quote-is-layout-flow\"><p>&#8220;I wish he&#8217;d come up with a different name for this page&#8221;<\/p><cite>A friend.<\/cite><\/blockquote>\n\n\n<ul class=\"wp-block-latest-posts__list largespaceafterblogpost wp-block-latest-posts\"><li><a class=\"wp-block-latest-posts__post-title\" href=\"https:\/\/metaworks.eu\/wordpress\/remote-leadership-fuhrung-in-zeiten-von-homeoffice-und-dezentralem-arbeiten\/\">Remote Leadership &#8211; F\u00fchrung in Zeiten von Homeoffice und dezentralem Arbeiten<\/a><div class=\"wp-block-latest-posts__post-excerpt\">Und pl\u00f6tzlich arbeitet jeder von Zuhause! Einige etablierte F\u00fchrungsmethoden lassen sich gut in die neue dezentrale Welt \u00fcberf\u00fchren. Andere ben\u00f6tigen etwas Anpassung, w\u00e4hrend manchmal wiederum ganz neue Ans\u00e4tze notwendig werden. \nWelche sind das, worauf muss ich achten?<\/div><\/li>\n<li><a class=\"wp-block-latest-posts__post-title\" href=\"https:\/\/metaworks.eu\/wordpress\/from-waterfall-to-ice-waves-a-story-about-self-organizing-teams\/\">From Waterfall to Ice Waves &#8211; A Story About  Self-Organizing Teams<\/a><div class=\"wp-block-latest-posts__post-excerpt\">This summer I spent a couple of days in Munich, Germany. One of the lesser-known sights is located directly within the English Garden, at the Eisbach. The Eisbach-Wave or \u201cIce Wave\u201d attracts professional surfers to\u2026 <a class=\"wp-block-latest-posts__read-more\" href=\"https:\/\/metaworks.eu\/wordpress\/from-waterfall-to-ice-waves-a-story-about-self-organizing-teams\/\" rel=\"noopener noreferrer\">Read more<span class=\"screen-reader-text\">: From Waterfall to Ice Waves &#8211; A Story About  Self-Organizing Teams<\/span><\/a><\/div><\/li>\n<li><a class=\"wp-block-latest-posts__post-title\" href=\"https:\/\/metaworks.eu\/wordpress\/the-bauhaus-dna-of-agile\/\">The Bauhaus DNA of Agile<\/a><div class=\"wp-block-latest-posts__post-excerpt\">(Read on for fun facts) Why do we know so little about the people actually using our software and products? Why do we perceive the separation of guilds (architecture, development, testing) a normal thing and\u2026 <a class=\"wp-block-latest-posts__read-more\" href=\"https:\/\/metaworks.eu\/wordpress\/the-bauhaus-dna-of-agile\/\" rel=\"noopener noreferrer\">Read more<span class=\"screen-reader-text\">: The Bauhaus DNA of Agile<\/span><\/a><\/div><\/li>\n<li><a class=\"wp-block-latest-posts__post-title\" href=\"https:\/\/metaworks.eu\/wordpress\/the-physics-of-agile-methodologies-and-how-our-vocabulary-creates-unnecessary-entry-barriers\/\">The Physics of Agile Methodologies&#8230;and how our vocabulary creates unnecessary entry barriers<\/a><div class=\"wp-block-latest-posts__post-excerpt\">The terminology we use in Agile Methods is nerdy, and far from the language \u201cnormal people\u201d would use. Agile is for the people who work with it, not for the consultants, so let\u2019s de-science our vocabulary. Simpler words will help making Agile Methods more accessible, which in turn will allow for a more widespread adoption, even with non-techy teams.<\/div><\/li>\n<li><a class=\"wp-block-latest-posts__post-title\" href=\"https:\/\/metaworks.eu\/wordpress\/stumbling-centipede\/\">The Stumbling Centipede<\/a><div class=\"wp-block-latest-posts__post-excerpt\">In times of crises, decentralized decision-making is an asset, not a liability Let me start this post with a poem for kids: A centipede was happy \u2013 quite!Until a toad in funSaid, &#8220;Pray, which leg\u2026 <a class=\"wp-block-latest-posts__read-more\" href=\"https:\/\/metaworks.eu\/wordpress\/stumbling-centipede\/\" rel=\"noopener noreferrer\">Read more<span class=\"screen-reader-text\">: The Stumbling Centipede<\/span><\/a><\/div><\/li>\n<\/ul>","protected":false},"excerpt":{"rendered":"<p>&#8220;I wish he&#8217;d come up with a different name for this page&#8221; A friend.<\/p>\n","protected":false},"author":1,"featured_media":0,"parent":0,"menu_order":0,"comment_status":"closed","ping_status":"closed","template":"","meta":{"footnotes":""},"class_list":["post-120","page","type-page","status-publish","hentry","entry"],"_links":{"self":[{"href":"https:\/\/metaworks.eu\/wordpress\/wp-json\/wp\/v2\/pages\/120","targetHints":{"allow":["GET"]}}],"collection":[{"href":"https:\/\/metaworks.eu\/wordpress\/wp-json\/wp\/v2\/pages"}],"about":[{"href":"https:\/\/metaworks.eu\/wordpress\/wp-json\/wp\/v2\/types\/page"}],"author":[{"embeddable":true,"href":"https:\/\/metaworks.eu\/wordpress\/wp-json\/wp\/v2\/users\/1"}],"replies":[{"embeddable":true,"href":"https:\/\/metaworks.eu\/wordpress\/wp-json\/wp\/v2\/comments?post=120"}],"version-history":[{"count":16,"href":"https:\/\/metaworks.eu\/wordpress\/wp-json\/wp\/v2\/pages\/120\/revisions"}],"predecessor-version":[{"id":585,"href":"https:\/\/metaworks.eu\/wordpress\/wp-json\/wp\/v2\/pages\/120\/revisions\/585"}],"wp:attachment":[{"href":"https:\/\/metaworks.eu\/wordpress\/wp-json\/wp\/v2\/media?parent=120"}],"curies":[{"name":"wp","href":"https:\/\/api.w.org\/{rel}","templated":true}]}}